{"id":1390,"date":"2025-07-29T20:06:01","date_gmt":"2025-07-30T01:06:01","guid":{"rendered":"https:\/\/elgatoquelee.com\/?page_id=1390"},"modified":"2025-09-18T13:10:48","modified_gmt":"2025-09-18T18:10:48","slug":"quienes-somos","status":"publish","type":"page","link":"https:\/\/elgatoquelee.com\/index.php\/quienes-somos\/","title":{"rendered":"\u00bfQuienes somos?"},"content":{"rendered":"<p>[et_pb_section fb_built=&#8221;1&#8243; _builder_version=&#8221;4.27.4&#8243; _module_preset=&#8221;default&#8221; background_enable_image=&#8221;off&#8221; background_size=&#8221;contain&#8221; background_repeat=&#8221;repeat&#8221; custom_padding=&#8221;||2px|||&#8221; hover_enabled=&#8221;0&#8243; global_colors_info=&#8221;{}&#8221; sticky_enabled=&#8221;0&#8243;][et_pb_row column_structure=&#8221;1_2,1_2&#8243; _builder_version=&#8221;4.27.4&#8243; _module_preset=&#8221;default&#8221; global_colors_info=&#8221;{}&#8221;][et_pb_column type=&#8221;1_2&#8243; _builder_version=&#8221;4.27.4&#8243; _module_preset=&#8221;default&#8221; global_colors_info=&#8221;{}&#8221;][et_pb_text _builder_version=&#8221;4.27.4&#8243; header_font=&#8221;&#8211;et_global_body_font|800|||||||&#8221; header_text_color=&#8221;#8300E9&#8243; header_font_size=&#8221;90px&#8221; header_line_height=&#8221;0.8em&#8221; background_layout=&#8221;dark&#8221; hover_enabled=&#8221;0&#8243; header_text_align_tablet=&#8221;&#8221; header_text_align_phone=&#8221;center&#8221; header_text_align_last_edited=&#8221;on|phone&#8221; header_font_size_tablet=&#8221;40px&#8221; header_font_size_phone=&#8221;50px&#8221; header_font_size_last_edited=&#8221;on|desktop&#8221; global_colors_info=&#8221;{}&#8221; sticky_enabled=&#8221;0&#8243;]<\/p>\n<h1>SOBRE NOSOTROS<\/h1>\n<p>[\/et_pb_text][et_pb_text _builder_version=&#8221;4.27.4&#8243; text_text_color=&#8221;#000000&#8243; text_font_size=&#8221;16px&#8221; text_line_height=&#8221;2.2em&#8221; background_layout=&#8221;dark&#8221; custom_margin=&#8221;||-3px|||&#8221; text_font_size_tablet=&#8221;14px&#8221; text_font_size_phone=&#8221;18px&#8221; text_font_size_last_edited=&#8221;on|phone&#8221; text_orientation_tablet=&#8221;&#8221; text_orientation_phone=&#8221;center&#8221; text_orientation_last_edited=&#8221;on|phone&#8221; global_colors_info=&#8221;{}&#8221;]<\/p>\n<p><strong data-start=\"351\" data-end=\"370\">El Gato que Lee<\/strong> naci\u00f3 como un compa\u00f1ero curioso y so\u00f1ador, convencido de que las pantallas no deber\u00edan ser solo un lugar para mirar, sino un puente para crear, conversar y compartir.<\/p>\n<p>[\/et_pb_text][et_pb_image src=&#8221;https:\/\/elgatoquelee.com\/wp-content\/uploads\/2025\/07\/1-7-removebg-preview.png&#8221; title_text=&#8221;7-removebg-preview&#8221; _builder_version=&#8221;4.27.4&#8243; transform_scale_tablet=&#8221;&#8221; transform_scale_phone=&#8221;&#8221; transform_scale_last_edited=&#8221;on|phone&#8221; transform_translate=&#8221;149px|-12px&#8221; transform_translate_tablet=&#8221;149px|-12px&#8221; transform_translate_phone=&#8221;-23px|-41px&#8221; transform_translate_last_edited=&#8221;on|desktop&#8221; transform_rotate_tablet=&#8221;&#8221; transform_rotate_phone=&#8221;&#8221; transform_rotate_last_edited=&#8221;on|desktop&#8221; transform_skew_tablet=&#8221;&#8221; transform_skew_phone=&#8221;&#8221; transform_skew_last_edited=&#8221;on|desktop&#8221; transform_origin_tablet=&#8221;&#8221; transform_origin_phone=&#8221;&#8221; transform_origin_last_edited=&#8221;on|desktop&#8221; transform_styles_last_edited=&#8221;on|phone&#8221; positioning=&#8221;absolute&#8221; position_origin_a=&#8221;bottom_right&#8221; vertical_offset=&#8221;-104%&#8221; horizontal_offset=&#8221;6px&#8221; position_origin_a_tablet=&#8221;&#8221; position_origin_a_phone=&#8221;&#8221; position_origin_a_last_edited=&#8221;on|desktop&#8221; position_origin_f_tablet=&#8221;&#8221; position_origin_f_phone=&#8221;&#8221; position_origin_f_last_edited=&#8221;on|desktop&#8221; position_origin_r_tablet=&#8221;&#8221; position_origin_r_phone=&#8221;&#8221; position_origin_r_last_edited=&#8221;on|desktop&#8221; custom_margin=&#8221;|-20vw|||false|false&#8221; sticky_position=&#8221;bottom&#8221; scroll_vertical_motion_enable=&#8221;on&#8221; scroll_vertical_motion=&#8221;0|50|50|100|5|0|-5&#8243; transform_styles_tablet=&#8221;&#8221; transform_styles_phone=&#8221;&#8221; positioning_tablet=&#8221;relative&#8221; positioning_phone=&#8221;&#8221; positioning_last_edited=&#8221;on|tablet&#8221; global_colors_info=&#8221;{}&#8221; custom_padding=&#8221;0px|||||&#8221;][\/et_pb_image][\/et_pb_column][et_pb_column type=&#8221;1_2&#8243; _builder_version=&#8221;4.27.4&#8243; _module_preset=&#8221;default&#8221; global_colors_info=&#8221;{}&#8221;][\/et_pb_column][\/et_pb_row][\/et_pb_section][et_pb_section fb_built=&#8221;1&#8243; admin_label=&#8221;About&#8221; _builder_version=&#8221;4.27.4&#8243; background_color=&#8221;#a8e9ff&#8221; use_background_color_gradient=&#8221;on&#8221; background_color_gradient_stops=&#8221;#70dbff 0%|#a8e9ff 50%|#ffffff 100%&#8221; background_enable_image=&#8221;off&#8221; custom_margin=&#8221;26px||||false|false&#8221; top_divider_style=&#8221;clouds2&#8243; top_divider_color=&#8221;#FFFFFF&#8221; top_divider_flip=&#8221;vertical&#8221; hover_enabled=&#8221;0&#8243; locked=&#8221;off&#8221; global_colors_info=&#8221;{}&#8221; custom_margin_last_edited=&#8221;on|phone&#8221; sticky_enabled=&#8221;0&#8243; custom_margin_phone=&#8221;-200px||||false|false&#8221; custom_margin_tablet=&#8221;26px||||false|false&#8221;][et_pb_row _builder_version=&#8221;4.16&#8243; locked=&#8221;off&#8221; global_colors_info=&#8221;{}&#8221;][et_pb_column type=&#8221;4_4&#8243; _builder_version=&#8221;4.16&#8243; global_colors_info=&#8221;{}&#8221;][et_pb_text _builder_version=&#8221;4.27.4&#8243; text_text_color=&#8221;#000000&#8243; text_font_size=&#8221;16px&#8221; text_line_height=&#8221;2.2em&#8221; header_2_font=&#8221;&#8211;et_global_body_font|800|||||||&#8221; header_2_text_color=&#8221;#EDF000&#8243; header_2_font_size=&#8221;50px&#8221; header_2_line_height=&#8221;1.2em&#8221; z_index=&#8221;2&#8243; text_orientation=&#8221;center&#8221; max_width=&#8221;700px&#8221; module_alignment=&#8221;center&#8221; custom_padding=&#8221;120px||||false|false&#8221; hover_enabled=&#8221;0&#8243; text_font_size_tablet=&#8221;14px&#8221; text_font_size_phone=&#8221;&#8221; text_font_size_last_edited=&#8221;on|phone&#8221; header_2_font_size_tablet=&#8221;35px&#8221; header_2_font_size_phone=&#8221;33px&#8221; header_2_font_size_last_edited=&#8221;on|phone&#8221; global_colors_info=&#8221;{}&#8221; custom_padding_last_edited=&#8221;on|phone&#8221; sticky_enabled=&#8221;0&#8243; custom_padding_phone=&#8221;0px||||false|false&#8221; custom_padding_tablet=&#8221;120px||||false|false&#8221;]<\/p>\n<h2>Bienvenidos a este rinc\u00f3n donde las historias se viven, se cantan, se colorean y se siembran<\/h2>\n<p data-start=\"351\" data-end=\"813\"><strong data-start=\"351\" data-end=\"370\">El Gato que Lee<\/strong> naci\u00f3 como un compa\u00f1ero curioso y so\u00f1ador, convencido de que las pantallas no deber\u00edan ser solo un lugar para mirar, sino un puente para crear, conversar y compartir. Inspirado en la idea de que los ni\u00f1os y ni\u00f1as necesitan historias, di\u00e1logos y experiencias que los conecten con el mundo real, El Gato que Lee construy\u00f3 la <strong data-start=\"694\" data-end=\"719\">Aldea de los Goryitos<\/strong>, un espacio donde la lectura, el juego, la imaginaci\u00f3n y las manos en acci\u00f3n se encuentran.<\/p>\n<p data-start=\"815\" data-end=\"1273\">Aqu\u00ed creemos que la magia ocurre cuando los ni\u00f1os no solo consumen contenido, sino que lo transforman en algo propio: dibujan lo que leen, inventan finales distintos a las historias, siembran semillas despu\u00e9s de escuchar una canci\u00f3n o tejen mientras sue\u00f1an con nuevos mundos. Cada actividad, rese\u00f1a, juego o canci\u00f3n est\u00e1 pensada para que las familias puedan compartir conversaciones y aprendizajes, haciendo de cada pantalla una ventana hacia la vida real.<\/p>\n<p data-start=\"1275\" data-end=\"1615\">El Gato que Lee no est\u00e1 solo: junto a \u00e9l habitan los <strong data-start=\"1328\" data-end=\"1340\">Goryitos<\/strong>, personajes entra\u00f1ables que acompa\u00f1an a los ni\u00f1os en el descubrimiento de valores como la cooperaci\u00f3n, la creatividad, el cuidado del planeta y el amor por los libros. Porque leer, jugar y aprender es mucho m\u00e1s que una actividad: es un acto social, \u00edntimo y transformador.<\/p>\n<p data-start=\"1617\" data-end=\"1718\">Bienvenidos a este rinc\u00f3n donde las historias se viven, se cantan, se colorean y se siembran \ud83c\udf31\ud83d\udcda\u2728.<\/p>\n<p>[\/et_pb_text][\/et_pb_column][\/et_pb_row][\/et_pb_section]<\/p>\n","protected":false},"excerpt":{"rendered":"<p>SOBRE NOSOTROSEl Gato que Lee naci\u00f3 como un compa\u00f1ero curioso y so\u00f1ador, convencido de que las pantallas no deber\u00edan ser solo un lugar para mirar, sino un puente para crear, [&hellip;]<\/p>\n","protected":false},"author":1,"featured_media":0,"parent":0,"menu_order":0,"comment_status":"closed","ping_status":"closed","template":"","meta":{"_et_pb_use_builder":"on","_et_pb_old_content":"","_et_gb_content_width":"","footnotes":""},"class_list":["post-1390","page","type-page","status-publish","hentry"],"_links":{"self":[{"href":"https:\/\/elgatoquelee.com\/index.php\/wp-json\/wp\/v2\/pages\/1390","targetHints":{"allow":["GET"]}}],"collection":[{"href":"https:\/\/elgatoquelee.com\/index.php\/wp-json\/wp\/v2\/pages"}],"about":[{"href":"https:\/\/elgatoquelee.com\/index.php\/wp-json\/wp\/v2\/types\/page"}],"author":[{"embeddable":true,"href":"https:\/\/elgatoquelee.com\/index.php\/wp-json\/wp\/v2\/users\/1"}],"replies":[{"embeddable":true,"href":"https:\/\/elgatoquelee.com\/index.php\/wp-json\/wp\/v2\/comments?post=1390"}],"version-history":[{"count":24,"href":"https:\/\/elgatoquelee.com\/index.php\/wp-json\/wp\/v2\/pages\/1390\/revisions"}],"predecessor-version":[{"id":1531,"href":"https:\/\/elgatoquelee.com\/index.php\/wp-json\/wp\/v2\/pages\/1390\/revisions\/1531"}],"wp:attachment":[{"href":"https:\/\/elgatoquelee.com\/index.php\/wp-json\/wp\/v2\/media?parent=1390"}],"curies":[{"name":"wp","href":"https:\/\/api.w.org\/{rel}","templated":true}]}}